{"id":1176,"date":"2020-06-02T15:06:42","date_gmt":"2020-06-02T15:06:42","guid":{"rendered":"https:\/\/garciasanchez.mx\/?page_id=1176"},"modified":"2022-10-27T15:39:13","modified_gmt":"2022-10-27T15:39:13","slug":"uriel-garcia-gonzalez","status":"publish","type":"page","link":"https:\/\/staging.garciasanchez.mx\/index.php\/uriel-garcia-gonzalez\/","title":{"rendered":"Uriel Garc\u00eda Gonz\u00e1lez"},"content":{"rendered":"<div class=\"fusion-fullwidth fullwidth-box fusion-builder-row-1 fusion-flex-container nonhundred-percent-fullwidth non-hundred-percent-height-scrolling\" style=\"--awb-background-position:left top;--awb-border-radius-top-left:0px;--awb-border-radius-top-right:0px;--awb-border-radius-bottom-right:0px;--awb-border-radius-bottom-left:0px;--awb-padding-bottom:60px;--awb-margin-top:3%;--awb-margin-bottom:4%;--awb-border-sizes-top:0px;--awb-border-sizes-bottom:0px;--awb-flex-wrap:wrap;\" ><div class=\"fusion-builder-row fusion-row fusion-flex-align-items-flex-start fusion-flex-content-wrap\" style=\"max-width:1216.8px;margin-left: calc(-4% \/ 2 );margin-right: calc(-4% \/ 2 );\"><div class=\"fusion-layout-column fusion_builder_column fusion-builder-column-0 fusion_builder_column_2_5 2_5 fusion-flex-column\" style=\"--awb-padding-right:20px;--awb-padding-bottom:20px;--awb-padding-left:20px;--awb-bg-size:cover;--awb-width-large:40%;--awb-margin-top-large:0px;--awb-spacing-right-large:3.84%;--awb-margin-bottom-large:40px;--awb-spacing-left-large:4.8%;--awb-width-medium:40%;--awb-spacing-right-medium:3.84%;--awb-spacing-left-medium:4.8%;--awb-width-small:100%;--awb-spacing-right-small:1.92%;--awb-spacing-left-small:1.92%;\"><div class=\"fusion-column-wrapper fusion-flex-justify-content-center fusion-content-layout-column\"><\/div><\/div><div class=\"fusion-layout-column fusion_builder_column fusion-builder-column-1 fusion_builder_column_3_5 3_5 fusion-flex-column\" style=\"--awb-padding-right:2%;--awb-padding-bottom:2%;--awb-padding-left:2%;--awb-bg-size:cover;--awb-width-large:60%;--awb-margin-top-large:0px;--awb-spacing-right-large:3.2%;--awb-margin-bottom-large:20px;--awb-spacing-left-large:3.84%;--awb-width-medium:60%;--awb-spacing-right-medium:3.2%;--awb-spacing-left-medium:3.84%;--awb-width-small:100%;--awb-spacing-right-small:1.92%;--awb-spacing-left-small:1.92%;\"><div class=\"fusion-column-wrapper fusion-flex-justify-content-center fusion-content-layout-column\"><div class=\"fusion-text fusion-text-1\"><p><span style=\"color: #ffffff;\">.<\/span><\/p>\n<h3>Uriel Garc\u00eda Gonz\u00e1lez<\/h3>\n<\/div><div class=\"fusion-separator\" style=\"align-self: flex-start;margin-right:auto;margin-top:0px;margin-bottom:35px;width:100%;max-width:100px;\"><div class=\"fusion-separator-border sep-single sep-solid\" style=\"--awb-height:20px;--awb-amount:20px;--awb-sep-color:#000000;border-color:#000000;border-top-width:2px;\"><\/div><\/div><div class=\"fusion-text fusion-text-2\"><p>Es abogado por el Centro Universitario Espa\u00f1a y M\u00e9xico y cuenta con maestr\u00eda en Ciencias Penales por la misma instituci\u00f3n y con especialidad en materia de justicia penal y derechos humanos por el Instituto de Formaci\u00f3n Profesional y Estudios Superiores de la Fiscal\u00eda General de Justicia de la Ciudad de M\u00e9xico.<\/p>\n<p>Ha participado en diversas conferencias sobre la Unificaci\u00f3n del C\u00f3digo Procesal Penal Nacional y el Nuevo Sistema de Justicia Penal en M\u00e9xico.<\/p>\n<p>El Lic. Garc\u00eda Gonz\u00e1lez se ha desempe\u00f1ado principalmente como Asesor Jur\u00eddico de empresas nacionales y extranjeras, brindando servicios legales en materia corporativa como reestructuras de diversos grupos corporativos y entidades comerciales en M\u00e9xico, gobierno corporativo, escisiones, disoluciones y liquidaciones, procesos de \u201cdue diligence\u201d, administraci\u00f3n corporativa legal de empresas; habiendo asesorado a la Secretar\u00eda de Seguridad Ciudadana y la Procuradur\u00eda Federal del Consumidor en juicios administrativos y diligencias en materia penal.<\/p>\n<\/div><div class=\"fusion-image-element \" style=\"--awb-caption-title-font-family:var(--h2_typography-font-family);--awb-caption-title-font-weight:var(--h2_typography-font-weight);--awb-caption-title-font-style:var(--h2_typography-font-style);--awb-caption-title-size:var(--h2_typography-font-size);--awb-caption-title-transform:var(--h2_typography-text-transform);--awb-caption-title-line-height:var(--h2_typography-line-height);--awb-caption-title-letter-spacing:var(--h2_typography-letter-spacing);\"><span class=\" fusion-imageframe imageframe-none imageframe-1 hover-type-none\"><img decoding=\"async\" width=\"70\" height=\"94\" title=\"cv-01\" src=\"https:\/\/staging.garciasanchez.mx\/wp-content\/uploads\/2020\/06\/cv-01-e1591110571110.png\" alt class=\"img-responsive wp-image-1180\"\/><\/span><\/div><\/div><\/div><\/div><\/div>\n","protected":false},"excerpt":{"rendered":"","protected":false},"author":2,"featured_media":0,"parent":0,"menu_order":0,"comment_status":"closed","ping_status":"closed","template":"100-width.php","meta":{"footnotes":""},"_links":{"self":[{"href":"https:\/\/staging.garciasanchez.mx\/index.php\/wp-json\/wp\/v2\/pages\/1176"}],"collection":[{"href":"https:\/\/staging.garciasanchez.mx\/index.php\/wp-json\/wp\/v2\/pages"}],"about":[{"href":"https:\/\/staging.garciasanchez.mx\/index.php\/wp-json\/wp\/v2\/types\/page"}],"author":[{"embeddable":true,"href":"https:\/\/staging.garciasanchez.mx\/index.php\/wp-json\/wp\/v2\/users\/2"}],"replies":[{"embeddable":true,"href":"https:\/\/staging.garciasanchez.mx\/index.php\/wp-json\/wp\/v2\/comments?post=1176"}],"version-history":[{"count":11,"href":"https:\/\/staging.garciasanchez.mx\/index.php\/wp-json\/wp\/v2\/pages\/1176\/revisions"}],"predecessor-version":[{"id":2227,"href":"https:\/\/staging.garciasanchez.mx\/index.php\/wp-json\/wp\/v2\/pages\/1176\/revisions\/2227"}],"wp:attachment":[{"href":"https:\/\/staging.garciasanchez.mx\/index.php\/wp-json\/wp\/v2\/media?parent=1176"}],"curies":[{"name":"wp","href":"https:\/\/api.w.org\/{rel}","templated":true}]}}