{"id":1429,"date":"2020-06-05T14:55:47","date_gmt":"2020-06-05T14:55:47","guid":{"rendered":"https:\/\/garciasanchez.mx\/?page_id=1429"},"modified":"2022-10-27T15:07:08","modified_gmt":"2022-10-27T15:07:08","slug":"socios-2","status":"publish","type":"page","link":"https:\/\/staging.garciasanchez.mx\/index.php\/socios-2\/","title":{"rendered":"SOCIOS"},"content":{"rendered":"<div class=\"fusion-fullwidth fullwidth-box fusion-builder-row-1 fusion-flex-container nonhundred-percent-fullwidth non-hundred-percent-height-scrolling\" style=\"--awb-background-position:left top;--awb-border-radius-top-left:0px;--awb-border-radius-top-right:0px;--awb-border-radius-bottom-right:0px;--awb-border-radius-bottom-left:0px;--awb-padding-bottom:60px;--awb-margin-top:3%;--awb-margin-bottom:4%;--awb-border-sizes-top:0px;--awb-border-sizes-bottom:0px;--awb-flex-wrap:wrap;\" ><div class=\"fusion-builder-row fusion-row fusion-flex-align-items-flex-start fusion-flex-content-wrap\" style=\"max-width:1216.8px;margin-left: calc(-4% \/ 2 );margin-right: calc(-4% \/ 2 );\"><div class=\"fusion-layout-column fusion_builder_column fusion-builder-column-0 fusion_builder_column_1_1 1_1 fusion-flex-column\" style=\"--awb-padding-right:20px;--awb-padding-bottom:20px;--awb-padding-left:20px;--awb-bg-size:cover;--awb-width-large:100%;--awb-margin-top-large:0px;--awb-spacing-right-large:1.92%;--awb-margin-bottom-large:40px;--awb-spacing-left-large:1.92%;--awb-width-medium:100%;--awb-spacing-right-medium:1.92%;--awb-spacing-left-medium:1.92%;--awb-width-small:100%;--awb-spacing-right-small:1.92%;--awb-spacing-left-small:1.92%;\"><div class=\"fusion-column-wrapper fusion-flex-justify-content-center fusion-content-layout-column\"><div class=\"fusion-separator fusion-full-width-sep\" style=\"align-self: center;margin-left: auto;margin-right: auto;margin-top:30px;margin-bottom:10px;width:100%;\"><\/div><\/div><\/div><div class=\"fusion-layout-column fusion_builder_column fusion-builder-column-1 fusion_builder_column_1_4 1_4 fusion-flex-column\" style=\"--awb-padding-right:20px;--awb-padding-bottom:20px;--awb-padding-left:20px;--awb-bg-size:cover;--awb-width-large:25%;--awb-margin-top-large:0px;--awb-spacing-right-large:3.84%;--awb-margin-bottom-large:40px;--awb-spacing-left-large:7.68%;--awb-width-medium:25%;--awb-spacing-right-medium:3.84%;--awb-spacing-left-medium:7.68%;--awb-width-small:100%;--awb-spacing-right-small:1.92%;--awb-spacing-left-small:1.92%;\"><div class=\"fusion-column-wrapper fusion-flex-justify-content-center fusion-content-layout-column\"><div class=\"fusion-image-element \" style=\"--awb-caption-title-font-family:var(--h2_typography-font-family);--awb-caption-title-font-weight:var(--h2_typography-font-weight);--awb-caption-title-font-style:var(--h2_typography-font-style);--awb-caption-title-size:var(--h2_typography-font-size);--awb-caption-title-transform:var(--h2_typography-text-transform);--awb-caption-title-line-height:var(--h2_typography-line-height);--awb-caption-title-letter-spacing:var(--h2_typography-letter-spacing);\"><span class=\" fusion-imageframe imageframe-none imageframe-1 hover-type-none\"><img decoding=\"async\" width=\"300\" height=\"225\" title=\"Socio\" src=\"https:\/\/staging.garciasanchez.mx\/wp-content\/uploads\/2020\/06\/Socio-1-300x225.jpg\" alt class=\"img-responsive wp-image-1914\" srcset=\"https:\/\/staging.garciasanchez.mx\/wp-content\/uploads\/2020\/06\/Socio-1-200x150.jpg 200w, https:\/\/staging.garciasanchez.mx\/wp-content\/uploads\/2020\/06\/Socio-1-400x300.jpg 400w, https:\/\/staging.garciasanchez.mx\/wp-content\/uploads\/2020\/06\/Socio-1-600x450.jpg 600w, https:\/\/staging.garciasanchez.mx\/wp-content\/uploads\/2020\/06\/Socio-1.jpg 666w\" sizes=\"(max-width: 640px) 100vw, 400px\" \/><\/span><\/div><div class=\"fusion-separator\" style=\"align-self: flex-start;margin-right:auto;margin-top:14px;margin-bottom:35px;width:100%;max-width:100px;\"><div class=\"fusion-separator-border sep-single sep-solid\" style=\"--awb-height:20px;--awb-amount:20px;--awb-sep-color:rgba(255,255,255,0);border-color:rgba(255,255,255,0);border-top-width:6px;\"><\/div><\/div><div class=\"fusion-text fusion-text-1\"><p><span style=\"color: #ffffff;\">.<\/span><\/p>\n<p><strong><span style=\"color: #000000;\">\u00c1REAS DE PR\u00c1CTICA<\/span><\/strong><\/p>\n<p><span style=\"color: #000000;\">Corporativo, Inversi\u00f3n Extranjera, Fusiones y Adquisiciones, Licitaciones Gubernamentales, Financiero, Inmobiliario y Propiedad Intelectual<\/span><\/p>\n<p><span style=\"color: #000000;\"><strong>\u00a0<\/strong><\/span><\/p>\n<\/div><\/div><\/div><div class=\"fusion-layout-column fusion_builder_column fusion-builder-column-2 fusion_builder_column_3_4 3_4 fusion-flex-column\" style=\"--awb-padding-right:2%;--awb-padding-bottom:2%;--awb-padding-left:2%;--awb-bg-size:cover;--awb-width-large:75%;--awb-margin-top-large:0px;--awb-spacing-right-large:2.56%;--awb-margin-bottom-large:20px;--awb-spacing-left-large:3.84%;--awb-width-medium:75%;--awb-spacing-right-medium:2.56%;--awb-spacing-left-medium:3.84%;--awb-width-small:100%;--awb-spacing-right-small:1.92%;--awb-spacing-left-small:1.92%;\"><div class=\"fusion-column-wrapper fusion-flex-justify-content-center fusion-content-layout-column\"><div class=\"fusion-text fusion-text-2\"><p><span style=\"color: #ffffff;\">.<\/span><\/p>\n<h2><span style=\"color: #000000;\">Carlos Garc\u00eda S\u00e1nchez<\/span><\/h2>\n<p>A B O G A D O<\/p>\n<\/div><div class=\"fusion-separator\" style=\"align-self: flex-start;margin-right:auto;margin-top:0px;margin-bottom:35px;width:100%;max-width:120px;\"><div class=\"fusion-separator-border sep-single sep-solid\" style=\"--awb-height:20px;--awb-amount:20px;--awb-sep-color:#000000;border-color:#000000;border-top-width:2px;\"><\/div><\/div><div class=\"fusion-text fusion-text-3\"><p><span style=\"color: #ffffff;\">.<\/span><\/p>\n<p><span style=\"color: #000000;\"><strong>EDUCACI\u00d3N Y DESEMPE\u00d1O PROFESIONAL<\/strong><\/span><\/p>\n<\/div><div class=\"fusion-text fusion-text-4\"><p>Obtuvo la Licenciatura en Derecho por la Universidad Iberoamericana en 1985. Curs\u00f3 estudios te\u00f3rico-pr\u00e1cticos en derecho mar\u00edtimo y en operaci\u00f3n naviera en Transportaci\u00f3n Mar\u00edtima Mexicana, S.A. de C.V. Cuenta con estudios de posgrado: en \u201cDerecho Empresarial\u201d por el Instituto Tecnol\u00f3gico Aut\u00f3nomo de M\u00e9xico (ITAM); \u00a0en \u201cDerecho Econ\u00f3mico y Corporativo\u201d y en \u201cDerecho Financiero y Comercial Internacional\u201d; ambos por la Universidad Panamericana (UP).<\/p>\n<p>El Licenciado Garc\u00eda S\u00e1nchez particip\u00f3 como asesor fiduciario interno en Citibanamex y ha estado encargado de crear la Divisi\u00f3n Legal Corporativa de diversos grupos enpresariales, como Transportaci\u00f3n Mar\u00edtima Mexicana, Grupo Costamex, Grupo Name, Fundaci\u00f3n E, AB Grupo y otros.<\/p>\n<p>Asimismo, el Licenciado Garc\u00eda S\u00e1nchez se ha desempe\u00f1ado como asesor legal corporativo de m\u00faltiples grupos empresariales nacionales y extranjeros en diversas transacciones que comprenden derecho corporativo nacional e internacional en todos sus aspectos, incluyendo creaci\u00f3n de nuevas empresas, gobierno corporativo, reestructuras, capitalizaciones, fusiones y adquisiciones, inversi\u00f3n extranjera, convenios de co-inversi\u00f3n, ingenier\u00eda corporativa, control negativo, derechos especiales (de opci\u00f3n, de compra-venta de acciones, de salida), fideicomisos corporativos, sociedades especiales (SAPI, SAS, SOFOM), etc.<\/p>\n<p>Una parte importante de su pr\u00e1ctica legal la constituye la rama de adquisiciones gubernamentales y procesos licitatorios; principalmente con PEMEX, CFE y otras dependencias, tanto a nivel federal(ej: plantas de energ\u00eda, l\u00edneas de trasmisi\u00f3n el\u00e9ctrica, plantas de polietileno y otras, bajo producci\u00f3n independiente de energ\u00eda, autoabastecimiento, co-generaci\u00f3n, fideicomiso de uso, obra p\u00fablica, inversi\u00f3n p\u00fablica-privada), como ante el gobierno de la Ciudad de M\u00e9xico y otras entidades locales. Participa activamente en el manejo diario y cumplimiento de contratos de servicios, de obra p\u00fablica, etc.<\/p>\n<p>El Lic. Garc\u00eda S\u00e1nchez brinda asimismo asesor\u00eda legal en materia financiera en operaciones de cr\u00e9dito, prestamo, fideicomiso, reporto, financiamiento y sus diversos tipos de garant\u00edas, habiendo participado en la adquisici\u00f3n de importantes entidades financieras en M\u00e9xico (brind\u00f3 apoyo legal corporativo y fiduciario en la adquisici\u00f3n de la Banca Conf\u00eda y de Citibanamex por parte de Citigroup); y cuenta con amplia experiencia en transacciones inmobiliarias de compra-venta, usufructo, arrendamientos industriales, fideicomisos inmobiliarios, garant\u00edas, etc.<\/p>\n<p>El Lic. Garc\u00eda S\u00e1nchez cuenta asimismo con participaci\u00f3n activa en todo tipo de contratos mercantiles e industriales de alta especializaci\u00f3n y en diversas operaciones de propiedad industrial (marcas, derechos de autor), franquicias y licenciamiento. Actualmente el Licenciado Garc\u00eda S\u00e1nchez funge como abogado externo, asesor legal y Secretario del Consejo de Administraci\u00f3n de m\u00faltiples compa\u00f1\u00edas nacionales e internacionales y es miembro activo de diversas organizaciones de abogados.<\/p>\n<\/div><div class=\"fusion-separator\" style=\"align-self: flex-start;margin-right:auto;margin-top:0px;margin-bottom:35px;width:100%;max-width:100px;\"><div class=\"fusion-separator-border sep-single sep-solid\" style=\"--awb-height:20px;--awb-amount:20px;--awb-sep-color:rgba(255,255,255,0);border-color:rgba(255,255,255,0);border-top-width:2px;\"><\/div><\/div><div class=\"fusion-image-element \" style=\"--awb-caption-title-font-family:var(--h2_typography-font-family);--awb-caption-title-font-weight:var(--h2_typography-font-weight);--awb-caption-title-font-style:var(--h2_typography-font-style);--awb-caption-title-size:var(--h2_typography-font-size);--awb-caption-title-transform:var(--h2_typography-text-transform);--awb-caption-title-line-height:var(--h2_typography-line-height);--awb-caption-title-letter-spacing:var(--h2_typography-letter-spacing);\"><span class=\" fusion-imageframe imageframe-none imageframe-2 hover-type-none\"><img decoding=\"async\" width=\"90\" height=\"113\" title=\"excelencia-icono\" src=\"https:\/\/staging.garciasanchez.mx\/wp-content\/uploads\/2020\/06\/excelencia-icono-e1591284154724.png\" alt class=\"img-responsive wp-image-1371\"\/><\/span><\/div><div class=\"fusion-text fusion-text-5\"><p><span style=\"color: #ffffff;\">.<\/span><\/p>\n<p><span style=\"color: #000000;\"><strong>RECONOCIMIENTOS<\/strong><\/span><\/p>\n<\/div><div class=\"fusion-separator\" style=\"align-self: flex-start;margin-right:auto;margin-top:0px;margin-bottom:35px;width:100%;max-width:150px;\"><div class=\"fusion-separator-border sep-single sep-solid\" style=\"--awb-height:20px;--awb-amount:20px;--awb-sep-color:#000000;border-color:#000000;border-top-width:2px;\"><\/div><\/div><div class=\"fusion-text fusion-text-6\"><p>La prestigiosa Revista Who\u00b4s Who le otorg\u00f3 dos reconocimientos; como Abogado del A\u00f1o en materia legal corporativa (2012) y como Experto Global en Derecho Corporativo (2015).<\/p>\n<\/div><\/div><\/div><div class=\"fusion-layout-column fusion_builder_column fusion-builder-column-3 fusion_builder_column_1_1 1_1 fusion-flex-column\" style=\"--awb-padding-right:20px;--awb-padding-bottom:20px;--awb-padding-left:20px;--awb-bg-size:cover;--awb-width-large:100%;--awb-margin-top-large:0px;--awb-spacing-right-large:1.92%;--awb-margin-bottom-large:40px;--awb-spacing-left-large:1.92%;--awb-width-medium:100%;--awb-spacing-right-medium:1.92%;--awb-spacing-left-medium:1.92%;--awb-width-small:100%;--awb-spacing-right-small:1.92%;--awb-spacing-left-small:1.92%;\"><div class=\"fusion-column-wrapper fusion-flex-justify-content-center fusion-content-layout-column\"><div class=\"fusion-separator fusion-full-width-sep\" style=\"align-self: center;margin-left: auto;margin-right: auto;margin-top:15px;margin-bottom:5px;width:100%;\"><div class=\"fusion-separator-border sep-single sep-solid\" style=\"--awb-height:20px;--awb-amount:20px;--awb-sep-color:rgba(0,0,0,0);border-color:rgba(0,0,0,0);border-top-width:1px;\"><\/div><\/div><\/div><\/div><div class=\"fusion-layout-column fusion_builder_column fusion-builder-column-4 fusion_builder_column_1_4 1_4 fusion-flex-column\" style=\"--awb-padding-right:20px;--awb-padding-bottom:20px;--awb-padding-left:20px;--awb-bg-size:cover;--awb-width-large:25%;--awb-margin-top-large:0px;--awb-spacing-right-large:3.84%;--awb-margin-bottom-large:40px;--awb-spacing-left-large:7.68%;--awb-width-medium:25%;--awb-spacing-right-medium:3.84%;--awb-spacing-left-medium:7.68%;--awb-width-small:100%;--awb-spacing-right-small:1.92%;--awb-spacing-left-small:1.92%;\"><div class=\"fusion-column-wrapper fusion-flex-justify-content-center fusion-content-layout-column\"><div class=\"fusion-image-element \" style=\"--awb-caption-title-font-family:var(--h2_typography-font-family);--awb-caption-title-font-weight:var(--h2_typography-font-weight);--awb-caption-title-font-style:var(--h2_typography-font-style);--awb-caption-title-size:var(--h2_typography-font-size);--awb-caption-title-transform:var(--h2_typography-text-transform);--awb-caption-title-line-height:var(--h2_typography-line-height);--awb-caption-title-letter-spacing:var(--h2_typography-letter-spacing);\"><span class=\" fusion-imageframe imageframe-none imageframe-3 hover-type-none\"><img decoding=\"async\" width=\"300\" height=\"180\" title=\"firma\" src=\"https:\/\/staging.garciasanchez.mx\/wp-content\/uploads\/2020\/06\/firma-1.jpg\" alt class=\"img-responsive wp-image-1931\" srcset=\"https:\/\/staging.garciasanchez.mx\/wp-content\/uploads\/2020\/06\/firma-1-200x120.jpg 200w, https:\/\/staging.garciasanchez.mx\/wp-content\/uploads\/2020\/06\/firma-1.jpg 300w\" sizes=\"(max-width: 640px) 100vw, 300px\" \/><\/span><\/div><div class=\"fusion-separator\" style=\"align-self: flex-start;margin-right:auto;margin-top:14px;margin-bottom:35px;width:100%;max-width:100px;\"><div class=\"fusion-separator-border sep-single sep-solid\" style=\"--awb-height:20px;--awb-amount:20px;--awb-sep-color:rgba(255,255,255,0);border-color:rgba(255,255,255,0);border-top-width:6px;\"><\/div><\/div><div class=\"fusion-text fusion-text-7\"><p><span style=\"color: #ffffff;\">.<\/span><\/p>\n<p><strong><span style=\"color: #000000;\">\u00c1REAS DE PR\u00c1CTICA<\/span><\/strong><\/p>\n<p><span style=\"color: #000000;\">Financiero, Inmobiliario, Corporativo.<br \/><\/span><\/p>\n<p><span style=\"color: #000000;\"><strong>\u00a0<\/strong><\/span><\/p>\n<\/div><\/div><\/div><div class=\"fusion-layout-column fusion_builder_column fusion-builder-column-5 fusion_builder_column_3_4 3_4 fusion-flex-column\" style=\"--awb-padding-right:2%;--awb-padding-bottom:2%;--awb-padding-left:2%;--awb-bg-size:cover;--awb-width-large:75%;--awb-margin-top-large:0px;--awb-spacing-right-large:2.56%;--awb-margin-bottom-large:20px;--awb-spacing-left-large:3.84%;--awb-width-medium:75%;--awb-spacing-right-medium:2.56%;--awb-spacing-left-medium:3.84%;--awb-width-small:100%;--awb-spacing-right-small:1.92%;--awb-spacing-left-small:1.92%;\"><div class=\"fusion-column-wrapper fusion-flex-justify-content-center fusion-content-layout-column\"><div class=\"fusion-text fusion-text-8\"><p><span style=\"color: #ffffff;\">.<\/span><\/p>\n<h2><span style=\"color: #000000;\">Ra\u00fal Torres Romero<\/span><\/h2>\n<p>A B O G A D O<\/p>\n<\/div><div class=\"fusion-separator\" style=\"align-self: flex-start;margin-right:auto;margin-top:0px;margin-bottom:35px;width:100%;max-width:120px;\"><div class=\"fusion-separator-border sep-single sep-solid\" style=\"--awb-height:20px;--awb-amount:20px;--awb-sep-color:#000000;border-color:#000000;border-top-width:2px;\"><\/div><\/div><div class=\"fusion-text fusion-text-9\"><p><span style=\"color: #ffffff;\">.<\/span><\/p>\n<p><span style=\"color: #000000;\"><strong>EDUCACI\u00d3N Y DESEMPE\u00d1O PROFESIONAL<\/strong><\/span><\/p>\n<\/div><div class=\"fusion-text fusion-text-10\"><p>Licenciado en Derecho por la Universidad Iberoamericana (2013), con menci\u00f3n honor\u00edfica. Cuenta con un posgrado en derecho inmobiliario por Escuela Libre de Derecho.<\/p>\n<p>Con m\u00e1s de diez a\u00f1os de experiencia el Lic. Torres ha brindado apoyo como asesor legal externo a m\u00faltiples instituciones bancarias y financieras, nacionales e internacionales (AAA), respecto de todo tipo de transacciones financieras (contratos de cr\u00e9dito especializados, fideicomisos inmobiliarios (FIBRAS) y de garant\u00eda, pagar\u00e9s, hipotecas, prendas, cartas de cr\u00e9dito, etc.), incluyendo operaciones de financiamiento de proyectos para parques industriales, hoteles, centros comerciales, torres de oficinas, etc.), cumplimiento y consultor\u00eda y operaciones transfronterizas.<\/p>\n<p>Cuenta con una extensa pr\u00e1ctica en el manejo y operaci\u00f3n legal y de cumplimiento de empresas nacionales y extranjeras enfocado principalmente en grupos inmobiliarios, asesor\u00e1ndolos con sus convenios de coinversi\u00f3n y asociaci\u00f3n para hacer negocios en M\u00e9xico.<\/p>\n<p>La materia legal inmobiliaria constituye una de sus principales areas de pr\u00e1ctica, apoyando a todo tipo de desarrolladores con el manejo de portafolios inmobiliarios industriales y comerciales, en sus diversas operaciones de financiamiento y reestructura, fideicomisos de administraci\u00f3n y garant\u00eda, arrendamientos (simples, multi-usuarios, a la medida etc), compraventa, copropiedad, servidumbres y dem\u00e1s operaciones inmobiliarias.<\/p>\n<\/div><div class=\"fusion-separator\" style=\"align-self: flex-start;margin-right:auto;margin-top:0px;margin-bottom:35px;width:100%;max-width:100px;\"><div class=\"fusion-separator-border sep-single sep-solid\" style=\"--awb-height:20px;--awb-amount:20px;--awb-sep-color:rgba(255,255,255,0);border-color:rgba(255,255,255,0);border-top-width:2px;\"><\/div><\/div><\/div><\/div><div class=\"fusion-layout-column fusion_builder_column fusion-builder-column-6 fusion_builder_column_1_1 1_1 fusion-flex-column\" style=\"--awb-padding-right:20px;--awb-padding-bottom:20px;--awb-padding-left:20px;--awb-bg-size:cover;--awb-width-large:100%;--awb-margin-top-large:0px;--awb-spacing-right-large:1.92%;--awb-margin-bottom-large:40px;--awb-spacing-left-large:1.92%;--awb-width-medium:100%;--awb-spacing-right-medium:1.92%;--awb-spacing-left-medium:1.92%;--awb-width-small:100%;--awb-spacing-right-small:1.92%;--awb-spacing-left-small:1.92%;\"><div class=\"fusion-column-wrapper fusion-flex-justify-content-center fusion-content-layout-column\"><div class=\"fusion-separator fusion-full-width-sep\" style=\"align-self: center;margin-left: auto;margin-right: auto;margin-top:15px;margin-bottom:5px;width:100%;\"><div class=\"fusion-separator-border sep-single sep-solid\" style=\"--awb-height:20px;--awb-amount:20px;--awb-sep-color:rgba(255,255,255,0);border-color:rgba(255,255,255,0);border-top-width:1px;\"><\/div><\/div><\/div><\/div><div class=\"fusion-layout-column fusion_builder_column fusion-builder-column-7 fusion_builder_column_1_4 1_4 fusion-flex-column\" style=\"--awb-padding-right:20px;--awb-padding-bottom:20px;--awb-padding-left:20px;--awb-bg-size:cover;--awb-width-large:25%;--awb-margin-top-large:0px;--awb-spacing-right-large:3.84%;--awb-margin-bottom-large:40px;--awb-spacing-left-large:7.68%;--awb-width-medium:25%;--awb-spacing-right-medium:3.84%;--awb-spacing-left-medium:7.68%;--awb-width-small:100%;--awb-spacing-right-small:1.92%;--awb-spacing-left-small:1.92%;\"><div class=\"fusion-column-wrapper fusion-flex-justify-content-center fusion-content-layout-column\"><div class=\"fusion-image-element \" style=\"--awb-caption-title-font-family:var(--h2_typography-font-family);--awb-caption-title-font-weight:var(--h2_typography-font-weight);--awb-caption-title-font-style:var(--h2_typography-font-style);--awb-caption-title-size:var(--h2_typography-font-size);--awb-caption-title-transform:var(--h2_typography-text-transform);--awb-caption-title-line-height:var(--h2_typography-line-height);--awb-caption-title-letter-spacing:var(--h2_typography-letter-spacing);\"><span class=\" fusion-imageframe imageframe-none imageframe-4 hover-type-none\"><img decoding=\"async\" width=\"300\" height=\"180\" title=\"firma\" src=\"https:\/\/staging.garciasanchez.mx\/wp-content\/uploads\/2020\/06\/firma-1.jpg\" alt class=\"img-responsive wp-image-1931\" srcset=\"https:\/\/staging.garciasanchez.mx\/wp-content\/uploads\/2020\/06\/firma-1-200x120.jpg 200w, https:\/\/staging.garciasanchez.mx\/wp-content\/uploads\/2020\/06\/firma-1.jpg 300w\" sizes=\"(max-width: 640px) 100vw, 300px\" \/><\/span><\/div><div class=\"fusion-separator\" style=\"align-self: flex-start;margin-right:auto;margin-top:14px;margin-bottom:35px;width:100%;max-width:100px;\"><div class=\"fusion-separator-border sep-single sep-solid\" style=\"--awb-height:20px;--awb-amount:20px;--awb-sep-color:rgba(255,255,255,0);border-color:rgba(255,255,255,0);border-top-width:6px;\"><\/div><\/div><div class=\"fusion-text fusion-text-11\"><p><span style=\"color: #ffffff;\">.<\/span><\/p>\n<p><strong><span style=\"color: #000000;\">\u00c1REAS DE PR\u00c1CTICA<\/span><\/strong><\/p>\n<p><span style=\"color: #000000;\">Inversi\u00f3n Extranjera, Corporativo, Laboral.<br \/><\/span><\/p>\n<p><span style=\"color: #000000;\"><strong>\u00a0<\/strong><\/span><\/p>\n<\/div><\/div><\/div><div class=\"fusion-layout-column fusion_builder_column fusion-builder-column-8 fusion_builder_column_3_4 3_4 fusion-flex-column\" style=\"--awb-padding-right:2%;--awb-padding-bottom:2%;--awb-padding-left:2%;--awb-bg-size:cover;--awb-width-large:75%;--awb-margin-top-large:0px;--awb-spacing-right-large:2.56%;--awb-margin-bottom-large:20px;--awb-spacing-left-large:3.84%;--awb-width-medium:75%;--awb-spacing-right-medium:2.56%;--awb-spacing-left-medium:3.84%;--awb-width-small:100%;--awb-spacing-right-small:1.92%;--awb-spacing-left-small:1.92%;\"><div class=\"fusion-column-wrapper fusion-flex-justify-content-center fusion-content-layout-column\"><div class=\"fusion-text fusion-text-12\"><p><span style=\"color: #ffffff;\">.<\/span><\/p>\n<h2><span style=\"color: #000000;\">Oscar Conde Medina<\/span><\/h2>\n<p>A B O G A D O<\/p>\n<\/div><div class=\"fusion-separator\" style=\"align-self: flex-start;margin-right:auto;margin-top:0px;margin-bottom:35px;width:100%;max-width:120px;\"><div class=\"fusion-separator-border sep-single sep-solid\" style=\"--awb-height:20px;--awb-amount:20px;--awb-sep-color:#000000;border-color:#000000;border-top-width:2px;\"><\/div><\/div><div class=\"fusion-text fusion-text-13\"><p><span style=\"color: #ffffff;\">.<\/span><\/p>\n<p><span style=\"color: #000000;\"><strong>EDUCACI\u00d3N Y DESEMPE\u00d1O PROFESIONAL<\/strong><\/span><\/p>\n<\/div><div class=\"fusion-text fusion-text-14\"><p>Naci\u00f3 en la Ciudad de M\u00e9xico en 1973. Es Licenciado en Derecho desde 1994. Es biling\u00fce (espa\u00f1ol e ingl\u00e9s).<\/p>\n<p>En el 2009 el Licenciado Conde particip\u00f3 en el programa especial (ACE) en la Universidad de Georgetown en la Washington, DC. Ha estado involucrado en atraer, consultar y ayudar a la inversi\u00f3n extranjera directa en M\u00e9xico, con los m\u00e1s altos est\u00e1ndares \u00e9ticos, profesionales y comerciales. De 1998 a 2005 form\u00f3 parte de los expertos que apoyaron y participaron en las adquisiciones de instituciones financieras en M\u00e9xico. Asimismo, particip\u00f3 en las operaciones de reestructuraci\u00f3n de los cr\u00e9ditos m\u00e1s relevantes en el norte de M\u00e9xico, incluida la fusi\u00f3n y venta p\u00fablica de acciones de la Empresa de Embotellamiento de Coca-Cola (Arca). Asimismo, desde 2005 hasta hoy en d\u00eda el Licenciado Conde ha estado implementando estrategias legales para la expansi\u00f3n de negocios en M\u00e9xico, ayudando al crecimiento de nuestros clientes brind\u00e1ndoles servicios legales oportunos, orientados a proteger los intereses personales, econ\u00f3micos y comerciales de los clientes. Brinda asesor\u00eda y apoyo legal a clientes de todo el mundo.<\/p>\n<p>Desde el a\u00f1o 2019 el Licenciado Conde ha sido galardonado por diversas organizaciones en Europa, Estados Unidos y Latinoam\u00e9rica como el abogado de Inversi\u00f3n Extranjera directa del a\u00f1o en M\u00e9xico as\u00ed como Experto en Inversi\u00f3n Extranjera Directa del a\u00f1o (Premio Global de 2020 a 2022) por Leaders in Law y Legal 100.<\/p>\n<\/div><div class=\"fusion-separator\" style=\"align-self: flex-start;margin-right:auto;margin-top:0px;margin-bottom:35px;width:100%;max-width:100px;\"><div class=\"fusion-separator-border sep-single sep-solid\" style=\"--awb-height:20px;--awb-amount:20px;--awb-sep-color:rgba(255,255,255,0);border-color:rgba(255,255,255,0);border-top-width:2px;\"><\/div><\/div><\/div><\/div><\/div><\/div>\n","protected":false},"excerpt":{"rendered":"","protected":false},"author":2,"featured_media":0,"parent":0,"menu_order":0,"comment_status":"closed","ping_status":"closed","template":"","meta":{"footnotes":""},"_links":{"self":[{"href":"https:\/\/staging.garciasanchez.mx\/index.php\/wp-json\/wp\/v2\/pages\/1429"}],"collection":[{"href":"https:\/\/staging.garciasanchez.mx\/index.php\/wp-json\/wp\/v2\/pages"}],"about":[{"href":"https:\/\/staging.garciasanchez.mx\/index.php\/wp-json\/wp\/v2\/types\/page"}],"author":[{"embeddable":true,"href":"https:\/\/staging.garciasanchez.mx\/index.php\/wp-json\/wp\/v2\/users\/2"}],"replies":[{"embeddable":true,"href":"https:\/\/staging.garciasanchez.mx\/index.php\/wp-json\/wp\/v2\/comments?post=1429"}],"version-history":[{"count":19,"href":"https:\/\/staging.garciasanchez.mx\/index.php\/wp-json\/wp\/v2\/pages\/1429\/revisions"}],"predecessor-version":[{"id":2196,"href":"https:\/\/staging.garciasanchez.mx\/index.php\/wp-json\/wp\/v2\/pages\/1429\/revisions\/2196"}],"wp:attachment":[{"href":"https:\/\/staging.garciasanchez.mx\/index.php\/wp-json\/wp\/v2\/media?parent=1429"}],"curies":[{"name":"wp","href":"https:\/\/api.w.org\/{rel}","templated":true}]}}