{"id":1588,"date":"2020-06-09T11:27:42","date_gmt":"2020-06-09T11:27:42","guid":{"rendered":"https:\/\/garciasanchez.mx\/?page_id=1588"},"modified":"2022-10-27T15:17:48","modified_gmt":"2022-10-27T15:17:48","slug":"carlos-garcia-sanchez","status":"publish","type":"page","link":"https:\/\/staging.garciasanchez.mx\/index.php\/en\/carlos-garcia-sanchez\/","title":{"rendered":"Carlos Garc\u00eda S\u00e1nchez (eng)"},"content":{"rendered":"<div class=\"fusion-fullwidth fullwidth-box fusion-builder-row-1 fusion-flex-container nonhundred-percent-fullwidth non-hundred-percent-height-scrolling\" style=\"--awb-background-position:left top;--awb-border-radius-top-left:0px;--awb-border-radius-top-right:0px;--awb-border-radius-bottom-right:0px;--awb-border-radius-bottom-left:0px;--awb-padding-bottom:60px;--awb-margin-top:3%;--awb-margin-bottom:4%;--awb-border-sizes-top:0px;--awb-border-sizes-bottom:0px;--awb-flex-wrap:wrap;\" ><div class=\"fusion-builder-row fusion-row fusion-flex-align-items-flex-start fusion-flex-content-wrap\" style=\"max-width:1216.8px;margin-left: calc(-4% \/ 2 );margin-right: calc(-4% \/ 2 );\"><div class=\"fusion-layout-column fusion_builder_column fusion-builder-column-0 fusion_builder_column_1_1 1_1 fusion-flex-column\" style=\"--awb-padding-right:20px;--awb-padding-bottom:20px;--awb-padding-left:20px;--awb-bg-size:cover;--awb-width-large:100%;--awb-margin-top-large:0px;--awb-spacing-right-large:1.92%;--awb-margin-bottom-large:40px;--awb-spacing-left-large:1.92%;--awb-width-medium:100%;--awb-spacing-right-medium:1.92%;--awb-spacing-left-medium:1.92%;--awb-width-small:100%;--awb-spacing-right-small:1.92%;--awb-spacing-left-small:1.92%;\"><div class=\"fusion-column-wrapper fusion-flex-justify-content-center fusion-content-layout-column\"><div class=\"fusion-separator fusion-full-width-sep\" style=\"align-self: center;margin-left: auto;margin-right: auto;margin-top:30px;margin-bottom:10px;width:100%;\"><\/div><\/div><\/div><div class=\"fusion-layout-column fusion_builder_column fusion-builder-column-1 fusion_builder_column_1_4 1_4 fusion-flex-column\" style=\"--awb-padding-right:20px;--awb-padding-bottom:20px;--awb-padding-left:20px;--awb-bg-size:cover;--awb-width-large:25%;--awb-margin-top-large:0px;--awb-spacing-right-large:3.84%;--awb-margin-bottom-large:40px;--awb-spacing-left-large:7.68%;--awb-width-medium:25%;--awb-spacing-right-medium:3.84%;--awb-spacing-left-medium:7.68%;--awb-width-small:100%;--awb-spacing-right-small:1.92%;--awb-spacing-left-small:1.92%;\"><div class=\"fusion-column-wrapper fusion-flex-justify-content-center fusion-content-layout-column\"><div class=\"fusion-image-element \" style=\"--awb-caption-title-font-family:var(--h2_typography-font-family);--awb-caption-title-font-weight:var(--h2_typography-font-weight);--awb-caption-title-font-style:var(--h2_typography-font-style);--awb-caption-title-size:var(--h2_typography-font-size);--awb-caption-title-transform:var(--h2_typography-text-transform);--awb-caption-title-line-height:var(--h2_typography-line-height);--awb-caption-title-letter-spacing:var(--h2_typography-letter-spacing);\"><span class=\" fusion-imageframe imageframe-none imageframe-1 hover-type-none\"><img decoding=\"async\" width=\"300\" height=\"225\" title=\"Socio\" src=\"https:\/\/staging.garciasanchez.mx\/wp-content\/uploads\/2020\/06\/Socio-2-300x225.jpg\" alt class=\"img-responsive wp-image-1916\" srcset=\"https:\/\/staging.garciasanchez.mx\/wp-content\/uploads\/2020\/06\/Socio-2-200x150.jpg 200w, https:\/\/staging.garciasanchez.mx\/wp-content\/uploads\/2020\/06\/Socio-2-400x300.jpg 400w, https:\/\/staging.garciasanchez.mx\/wp-content\/uploads\/2020\/06\/Socio-2-600x450.jpg 600w, https:\/\/staging.garciasanchez.mx\/wp-content\/uploads\/2020\/06\/Socio-2.jpg 666w\" sizes=\"(max-width: 640px) 100vw, 400px\" \/><\/span><\/div><div class=\"fusion-separator\" style=\"align-self: flex-start;margin-right:auto;margin-top:14px;margin-bottom:35px;width:100%;max-width:100px;\"><div class=\"fusion-separator-border sep-single sep-solid\" style=\"--awb-height:20px;--awb-amount:20px;--awb-sep-color:rgba(255,255,255,0);border-color:rgba(255,255,255,0);border-top-width:6px;\"><\/div><\/div><div class=\"fusion-text fusion-text-1\"><p><span style=\"color: #ffffff;\">.<\/span><\/p>\n<p><strong><span style=\"color: #000000;\">PRACTICE AREAS<\/span><\/strong><\/p>\n<p>Corporate, Foreign Investments, Mergers &amp; Acquisitions, Public Bids, Project Finance, Real Estate, Migratory &amp; Intellectual Property<\/p>\n<p><span style=\"color: #000000;\"><strong>\u00a0<\/strong><\/span><\/p>\n<\/div><\/div><\/div><div class=\"fusion-layout-column fusion_builder_column fusion-builder-column-2 fusion_builder_column_3_4 3_4 fusion-flex-column\" style=\"--awb-padding-right:2%;--awb-padding-bottom:2%;--awb-padding-left:2%;--awb-bg-size:cover;--awb-width-large:75%;--awb-margin-top-large:0px;--awb-spacing-right-large:2.56%;--awb-margin-bottom-large:20px;--awb-spacing-left-large:3.84%;--awb-width-medium:75%;--awb-spacing-right-medium:2.56%;--awb-spacing-left-medium:3.84%;--awb-width-small:100%;--awb-spacing-right-small:1.92%;--awb-spacing-left-small:1.92%;\"><div class=\"fusion-column-wrapper fusion-flex-justify-content-center fusion-content-layout-column\"><div class=\"fusion-text fusion-text-2\"><p><span style=\"color: #ffffff;\">.<\/span><\/p>\n<h2><span style=\"color: #000000;\">Carlos Garc\u00eda S\u00e1nchez<\/span><\/h2>\n<p>ATTORNEY AT LAW<\/p>\n<\/div><div class=\"fusion-separator\" style=\"align-self: flex-start;margin-right:auto;margin-top:0px;margin-bottom:35px;width:100%;max-width:120px;\"><div class=\"fusion-separator-border sep-single sep-solid\" style=\"--awb-height:20px;--awb-amount:20px;--awb-sep-color:#000000;border-color:#000000;border-top-width:2px;\"><\/div><\/div><div class=\"fusion-text fusion-text-3\"><p><span style=\"color: #ffffff;\">.<\/span><\/p>\n<p><span style=\"color: #000000;\"><strong>STUDIES &amp; PROFESSIONAL PERFORMANCE<\/strong><\/span><\/p>\n<\/div><div class=\"fusion-text fusion-text-4\"><p>Obtained his bachelor\u2019s degree as Lawyer at Universidad Iberoamericana in 1985. Studied theoretical and practical courses in maritime law &amp; in shipping operation at Transportaci\u00f3n Mar\u00edtima Mexicana, S.A. de C.V. He also obtained post-graduate degrees: in \u201cBusiness Law\u201d at the Instituto Tecnol\u00f3gico Aut\u00f3nomo de M\u00e9xico (ITAM); and in \u201cCorporate law\u201d &amp; \u201cEconomic &amp; Financial Law\u201d; both at Universidad Panamericana (UP).<\/p>\n<p>Mr. Garc\u00eda S\u00e1nchez acted as in-house legal advisor in trust operations at Citibanamex and has been in charge of creating the Corporate Legal Divisions of different group of companies, such as Transportaci\u00f3n Mar\u00edtima Mexicana, Grupo Costamex, Grupo Name, Fundaci\u00f3n E, AB Grupo &amp; others.<\/p>\n<p>Likewise Mr. Garc\u00eda S\u00e1nchez has acted as corporate legal advisor of several national and foreign group of companies in a large number of transactions related to national &amp; international corporate law, including companies incorporation, corporate governance, restructures, capitalizations, mergers &amp; acquisitions, foreign investment, joint venture, corporate engineering, negative control, special rights (put\/call option, equity purchase &amp; sale, exit right (tag-along, drag-along), corporate trusts, special companies (SAPI, SAS, SOFOM), etc.<\/p>\n<p>An important part of his legal practice constitutes the area of Governmental acquisitions and bid processes (Procurement); mainly with PEMEX, CFE and other entities, either federal (i.e. energy plants, power transmission lines, chemical production plants and others, under independent energy producer, self-sufficiency, co-generation, use trust, public work, public-private partnership), as well as local such as with the Government of Mexico City and other local entities. He has active participation in the day-to-day management of services and public works contracts.<\/p>\n<p>Mr. Garcia Sanchez also provides legal assistance in financial matters related to credit, loan, trust, report, financing transactions and its different kind of guarantees, having participated the acquisition of important financial entities in Mexico (provided legal corporate &amp; trust assistance in the acquisition by Citigroup of Banca Conf\u00eda and Citibanamex); and has ample experience in real estate transactions, including purchase &amp; sale, usufruct, industrial leases, real estate trust schemes, guarantees and others.<\/p>\n<p>Mr. Garc\u00eda S\u00e1nchez has also active participation in all kind of highly specialized commercial and industrial contracts and in some industrial property matters (trademarks, copyrights), franchise &amp; licensing. Currently Mr. Garcia Sanchez acts as external counsel, Legal advisor and Secretary of the Board of Directors of several national and international companies and is an active member of some legal lawyers\u2019 organizations.<\/p>\n<\/div><div class=\"fusion-separator\" style=\"align-self: flex-start;margin-right:auto;margin-top:0px;margin-bottom:35px;width:100%;max-width:100px;\"><div class=\"fusion-separator-border sep-single sep-solid\" style=\"--awb-height:20px;--awb-amount:20px;--awb-sep-color:rgba(255,255,255,0);border-color:rgba(255,255,255,0);border-top-width:2px;\"><\/div><\/div><div class=\"fusion-image-element \" style=\"--awb-caption-title-font-family:var(--h2_typography-font-family);--awb-caption-title-font-weight:var(--h2_typography-font-weight);--awb-caption-title-font-style:var(--h2_typography-font-style);--awb-caption-title-size:var(--h2_typography-font-size);--awb-caption-title-transform:var(--h2_typography-text-transform);--awb-caption-title-line-height:var(--h2_typography-line-height);--awb-caption-title-letter-spacing:var(--h2_typography-letter-spacing);\"><span class=\" fusion-imageframe imageframe-none imageframe-2 hover-type-none\"><img decoding=\"async\" width=\"90\" height=\"113\" title=\"excelencia-icono\" src=\"https:\/\/staging.garciasanchez.mx\/wp-content\/uploads\/2020\/06\/excelencia-icono-e1591284154724.png\" alt class=\"img-responsive wp-image-1371\"\/><\/span><\/div><div class=\"fusion-text fusion-text-5\"><p><span style=\"color: #ffffff;\">.<\/span><\/p>\n<p><span style=\"color: #000000;\"><strong>AWARDS<\/strong><\/span><\/p>\n<\/div><div class=\"fusion-separator\" style=\"align-self: flex-start;margin-right:auto;margin-top:0px;margin-bottom:35px;width:100%;max-width:150px;\"><div class=\"fusion-separator-border sep-single sep-solid\" style=\"--awb-height:20px;--awb-amount:20px;--awb-sep-color:#000000;border-color:#000000;border-top-width:2px;\"><\/div><\/div><div class=\"fusion-text fusion-text-6\"><p>In 2012 the prestigious Magazine Who\u2019s Who granted to Mr. Garcia Sanchez two recognitions; as attorney of the year in corporate legal matter (2012) and as Global Expert in Corporate Law (2015).<\/p>\n<\/div><\/div><\/div><div class=\"fusion-layout-column fusion_builder_column fusion-builder-column-3 fusion_builder_column_1_1 1_1 fusion-flex-column\" style=\"--awb-padding-right:20px;--awb-padding-bottom:20px;--awb-padding-left:20px;--awb-bg-size:cover;--awb-width-large:100%;--awb-margin-top-large:0px;--awb-spacing-right-large:1.92%;--awb-margin-bottom-large:40px;--awb-spacing-left-large:1.92%;--awb-width-medium:100%;--awb-spacing-right-medium:1.92%;--awb-spacing-left-medium:1.92%;--awb-width-small:100%;--awb-spacing-right-small:1.92%;--awb-spacing-left-small:1.92%;\"><div class=\"fusion-column-wrapper fusion-column-has-shadow fusion-flex-justify-content-center fusion-content-layout-column\"><div class=\"fusion-separator fusion-full-width-sep\" style=\"align-self: center;margin-left: auto;margin-right: auto;margin-top:5px;margin-bottom:5px;width:100%;\"><div class=\"fusion-separator-border sep-single sep-solid\" style=\"--awb-height:20px;--awb-amount:20px;--awb-sep-color:rgba(255,255,255,0);border-color:rgba(255,255,255,0);border-top-width:1px;\"><\/div><\/div><\/div><\/div><div class=\"fusion-layout-column fusion_builder_column fusion-builder-column-4 fusion_builder_column_1_4 1_4 fusion-flex-column\" style=\"--awb-padding-right:20px;--awb-padding-bottom:20px;--awb-padding-left:20px;--awb-bg-size:cover;--awb-width-large:25%;--awb-margin-top-large:0px;--awb-spacing-right-large:3.84%;--awb-margin-bottom-large:40px;--awb-spacing-left-large:7.68%;--awb-width-medium:25%;--awb-spacing-right-medium:3.84%;--awb-spacing-left-medium:7.68%;--awb-width-small:100%;--awb-spacing-right-small:1.92%;--awb-spacing-left-small:1.92%;\"><div class=\"fusion-column-wrapper fusion-flex-justify-content-center fusion-content-layout-column\"><div class=\"fusion-image-element \" style=\"--awb-caption-title-font-family:var(--h2_typography-font-family);--awb-caption-title-font-weight:var(--h2_typography-font-weight);--awb-caption-title-font-style:var(--h2_typography-font-style);--awb-caption-title-size:var(--h2_typography-font-size);--awb-caption-title-transform:var(--h2_typography-text-transform);--awb-caption-title-line-height:var(--h2_typography-line-height);--awb-caption-title-letter-spacing:var(--h2_typography-letter-spacing);\"><span class=\" fusion-imageframe imageframe-none imageframe-3 hover-type-none\"><img decoding=\"async\" width=\"2400\" height=\"1442\" title=\"firma\" src=\"https:\/\/staging.garciasanchez.mx\/wp-content\/uploads\/2022\/10\/firma.jpg\" alt class=\"img-responsive wp-image-2198\" srcset=\"https:\/\/staging.garciasanchez.mx\/wp-content\/uploads\/2022\/10\/firma-200x120.jpg 200w, https:\/\/staging.garciasanchez.mx\/wp-content\/uploads\/2022\/10\/firma-400x240.jpg 400w, https:\/\/staging.garciasanchez.mx\/wp-content\/uploads\/2022\/10\/firma-600x361.jpg 600w, https:\/\/staging.garciasanchez.mx\/wp-content\/uploads\/2022\/10\/firma-800x481.jpg 800w, https:\/\/staging.garciasanchez.mx\/wp-content\/uploads\/2022\/10\/firma-1200x721.jpg 1200w, https:\/\/staging.garciasanchez.mx\/wp-content\/uploads\/2022\/10\/firma.jpg 2400w\" sizes=\"(max-width: 640px) 100vw, 400px\" \/><\/span><\/div><div class=\"fusion-separator\" style=\"align-self: flex-start;margin-right:auto;margin-top:14px;margin-bottom:35px;width:100%;max-width:100px;\"><div class=\"fusion-separator-border sep-single sep-solid\" style=\"--awb-height:20px;--awb-amount:20px;--awb-sep-color:rgba(255,255,255,0);border-color:rgba(255,255,255,0);border-top-width:6px;\"><\/div><\/div><div class=\"fusion-text fusion-text-7\"><p><span style=\"color: #ffffff;\">.<\/span><\/p>\n<p><strong><span style=\"color: #000000;\">PRACTICE AREAS<\/span><\/strong><\/p>\n<p>Finance, Real Estate, Corporate.<\/p>\n<p><span style=\"color: #000000;\"><strong>\u00a0<\/strong><\/span><\/p>\n<\/div><\/div><\/div><div class=\"fusion-layout-column fusion_builder_column fusion-builder-column-5 fusion_builder_column_3_4 3_4 fusion-flex-column\" style=\"--awb-padding-right:2%;--awb-padding-bottom:2%;--awb-padding-left:2%;--awb-bg-size:cover;--awb-width-large:75%;--awb-margin-top-large:0px;--awb-spacing-right-large:2.56%;--awb-margin-bottom-large:20px;--awb-spacing-left-large:3.84%;--awb-width-medium:75%;--awb-spacing-right-medium:2.56%;--awb-spacing-left-medium:3.84%;--awb-width-small:100%;--awb-spacing-right-small:1.92%;--awb-spacing-left-small:1.92%;\"><div class=\"fusion-column-wrapper fusion-flex-justify-content-center fusion-content-layout-column\"><div class=\"fusion-text fusion-text-8\"><p><span style=\"color: #ffffff;\">.<\/span><\/p>\n<h2><span style=\"color: #000000;\">Ra\u00fal Torres Romero<\/span><\/h2>\n<p>ATTORNEY AT LAW<\/p>\n<\/div><div class=\"fusion-separator\" style=\"align-self: flex-start;margin-right:auto;margin-top:0px;margin-bottom:35px;width:100%;max-width:120px;\"><div class=\"fusion-separator-border sep-single sep-solid\" style=\"--awb-height:20px;--awb-amount:20px;--awb-sep-color:#000000;border-color:#000000;border-top-width:2px;\"><\/div><\/div><div class=\"fusion-text fusion-text-9\"><p><span style=\"color: #ffffff;\">.<\/span><\/p>\n<p><span style=\"color: #000000;\"><strong>STUDIES &amp; PROFESSIONAL PERFORMANCE<\/strong><\/span><\/p>\n<\/div><div class=\"fusion-text fusion-text-10\"><p>Law degree by Universidad Iberoamericana (2013), receiving Suma Cum Laude for excellence. He has a postgraduate degree in real estate from Escuela Libre de Derecho.<\/p>\n<p>With more than 10 years experience Mr. Torres has assisted as external legal counsel national and foreign banking and financial institutions (AAA) as in connection with all kind of financial transactions (specialized loan agreements, real estate trusts (FIBRAS), guaranty trust, promissory notes, mortgages, pledges, letter of credits and so), including project finance operations for industrial parks, hotels, shopping malls, offices etc.), compliance and consultancy and cross-border transactions.<\/p>\n<p>He has an ample corporate &amp;amp; compliance practice in the management and legal operation and of compliance of national and foreign corporations, mainly focused on real estate groups, advising them with their joint venture and association agreements to do business in Mexico.<\/p>\n<p>Real estate legal matters constitute one of his main areas of practice, supporting all kind of developers with the management of industrial and commercial real estate portfolios, in their various financing and restructuring operations, administration and guarantee trusts, leases (simple, multi- users, to measure etc), sale, co- ownership, easements and other real estate operation.<\/p>\n<\/div><div class=\"fusion-separator\" style=\"align-self: flex-start;margin-right:auto;margin-top:0px;margin-bottom:20px;width:100%;max-width:100px;\"><div class=\"fusion-separator-border sep-single sep-solid\" style=\"--awb-height:20px;--awb-amount:20px;--awb-sep-color:rgba(255,255,255,0);border-color:rgba(255,255,255,0);border-top-width:2px;\"><\/div><\/div><\/div><\/div><div class=\"fusion-layout-column fusion_builder_column fusion-builder-column-6 fusion_builder_column_1_1 1_1 fusion-flex-column\" style=\"--awb-padding-right:20px;--awb-padding-bottom:20px;--awb-padding-left:20px;--awb-bg-size:cover;--awb-width-large:100%;--awb-margin-top-large:0px;--awb-spacing-right-large:1.92%;--awb-margin-bottom-large:40px;--awb-spacing-left-large:1.92%;--awb-width-medium:100%;--awb-spacing-right-medium:1.92%;--awb-spacing-left-medium:1.92%;--awb-width-small:100%;--awb-spacing-right-small:1.92%;--awb-spacing-left-small:1.92%;\"><div class=\"fusion-column-wrapper fusion-flex-justify-content-center fusion-content-layout-column\"><div class=\"fusion-separator fusion-full-width-sep\" style=\"align-self: center;margin-left: auto;margin-right: auto;margin-top:5px;margin-bottom:5px;width:100%;\"><div class=\"fusion-separator-border sep-single sep-solid\" style=\"--awb-height:20px;--awb-amount:20px;--awb-sep-color:rgba(255,255,255,0);border-color:rgba(255,255,255,0);border-top-width:1px;\"><\/div><\/div><\/div><\/div><div class=\"fusion-layout-column fusion_builder_column fusion-builder-column-7 fusion_builder_column_1_4 1_4 fusion-flex-column\" style=\"--awb-padding-right:20px;--awb-padding-bottom:20px;--awb-padding-left:20px;--awb-bg-size:cover;--awb-width-large:25%;--awb-margin-top-large:0px;--awb-spacing-right-large:3.84%;--awb-margin-bottom-large:40px;--awb-spacing-left-large:7.68%;--awb-width-medium:25%;--awb-spacing-right-medium:3.84%;--awb-spacing-left-medium:7.68%;--awb-width-small:100%;--awb-spacing-right-small:1.92%;--awb-spacing-left-small:1.92%;\"><div class=\"fusion-column-wrapper fusion-flex-justify-content-center fusion-content-layout-column\"><div class=\"fusion-image-element \" style=\"--awb-caption-title-font-family:var(--h2_typography-font-family);--awb-caption-title-font-weight:var(--h2_typography-font-weight);--awb-caption-title-font-style:var(--h2_typography-font-style);--awb-caption-title-size:var(--h2_typography-font-size);--awb-caption-title-transform:var(--h2_typography-text-transform);--awb-caption-title-line-height:var(--h2_typography-line-height);--awb-caption-title-letter-spacing:var(--h2_typography-letter-spacing);\"><span class=\" fusion-imageframe imageframe-none imageframe-4 hover-type-none\"><img decoding=\"async\" width=\"2400\" height=\"1442\" title=\"firma\" src=\"https:\/\/staging.garciasanchez.mx\/wp-content\/uploads\/2022\/10\/firma.jpg\" alt class=\"img-responsive wp-image-2198\" srcset=\"https:\/\/staging.garciasanchez.mx\/wp-content\/uploads\/2022\/10\/firma-200x120.jpg 200w, https:\/\/staging.garciasanchez.mx\/wp-content\/uploads\/2022\/10\/firma-400x240.jpg 400w, https:\/\/staging.garciasanchez.mx\/wp-content\/uploads\/2022\/10\/firma-600x361.jpg 600w, https:\/\/staging.garciasanchez.mx\/wp-content\/uploads\/2022\/10\/firma-800x481.jpg 800w, https:\/\/staging.garciasanchez.mx\/wp-content\/uploads\/2022\/10\/firma-1200x721.jpg 1200w, https:\/\/staging.garciasanchez.mx\/wp-content\/uploads\/2022\/10\/firma.jpg 2400w\" sizes=\"(max-width: 640px) 100vw, 400px\" \/><\/span><\/div><div class=\"fusion-separator\" style=\"align-self: flex-start;margin-right:auto;margin-top:14px;margin-bottom:35px;width:100%;max-width:100px;\"><div class=\"fusion-separator-border sep-single sep-solid\" style=\"--awb-height:20px;--awb-amount:20px;--awb-sep-color:rgba(255,255,255,0);border-color:rgba(255,255,255,0);border-top-width:6px;\"><\/div><\/div><div class=\"fusion-text fusion-text-11\"><p><span style=\"color: #ffffff;\">.<\/span><\/p>\n<p><strong><span style=\"color: #000000;\">PRACTICE AREAS<\/span><\/strong><\/p>\n<p>Foreign Invertments, Corporate, Labor.<\/p>\n<p><span style=\"color: #000000;\"><strong>\u00a0<\/strong><\/span><\/p>\n<\/div><\/div><\/div><div class=\"fusion-layout-column fusion_builder_column fusion-builder-column-8 fusion_builder_column_3_4 3_4 fusion-flex-column\" style=\"--awb-padding-right:2%;--awb-padding-bottom:2%;--awb-padding-left:2%;--awb-bg-size:cover;--awb-width-large:75%;--awb-margin-top-large:0px;--awb-spacing-right-large:2.56%;--awb-margin-bottom-large:20px;--awb-spacing-left-large:3.84%;--awb-width-medium:75%;--awb-spacing-right-medium:2.56%;--awb-spacing-left-medium:3.84%;--awb-width-small:100%;--awb-spacing-right-small:1.92%;--awb-spacing-left-small:1.92%;\"><div class=\"fusion-column-wrapper fusion-flex-justify-content-center fusion-content-layout-column\"><div class=\"fusion-text fusion-text-12\"><p><span style=\"color: #ffffff;\">.<\/span><\/p>\n<h2><span style=\"color: #000000;\">Oscar Conde Medina<\/span><\/h2>\n<p>ATTORNEY AT LAW<\/p>\n<\/div><div class=\"fusion-separator\" style=\"align-self: flex-start;margin-right:auto;margin-top:0px;margin-bottom:35px;width:100%;max-width:120px;\"><div class=\"fusion-separator-border sep-single sep-solid\" style=\"--awb-height:20px;--awb-amount:20px;--awb-sep-color:#000000;border-color:#000000;border-top-width:2px;\"><\/div><\/div><div class=\"fusion-text fusion-text-13\"><p><span style=\"color: #ffffff;\">.<\/span><\/p>\n<p><span style=\"color: #000000;\"><strong>STUDIES &amp; PROFESSIONAL PERFORMANCE<\/strong><\/span><\/p>\n<\/div><div class=\"fusion-text fusion-text-14\"><p>Born in Mexico City, 1973. He has a Law Degree (1994). He is bilingual (Spanish and English).<\/p>\n<p>In 2009 Mr. Conde participated in the special program (ACE) at Georgetown University in Washington, DC. He has been involved in attracting, consulting and assisting direct foreign investment in Mexico, with the highest ethical, professional and commercial standards. From 1998 to 2005 he was part of the experts that supported and participated in the acquisitions of financial institutions in Mexico. Likewise, he participated in the most relevant credit restructuring operations in the north of Mexico, including the merger and the public stock sale of the Coca-Cola bottling company (Arca). Also, from 2005 as of today Mr. Conde has been implementing legal strategies for the businesses expansion in Mexico, helping our clients\u00b4 grow by providing them with opportune legal services oriented towards protecting the clients\u2019 personal, economic and commercial interests. He grants legal assistance and support to clients from all the globe.<\/p>\n<p>From 2019 Mr. Conde has been awarded by several organizations in Europe, United States and Latin America as the Foreign Direct Investment Lawyer of the year in Mexico as well as the Foreign Direct Investment Expert of the year in Mexico (2020 to 2022 Global Award) by Leaders in Law and Legal 100.<\/p>\n<\/div><div class=\"fusion-separator\" style=\"align-self: flex-start;margin-right:auto;margin-top:0px;margin-bottom:35px;width:100%;max-width:100px;\"><div class=\"fusion-separator-border sep-single sep-solid\" style=\"--awb-height:20px;--awb-amount:20px;--awb-sep-color:rgba(255,255,255,0);border-color:rgba(255,255,255,0);border-top-width:2px;\"><\/div><\/div><\/div><\/div><\/div><\/div>\n","protected":false},"excerpt":{"rendered":"","protected":false},"author":2,"featured_media":0,"parent":0,"menu_order":0,"comment_status":"closed","ping_status":"closed","template":"","meta":{"footnotes":""},"_links":{"self":[{"href":"https:\/\/staging.garciasanchez.mx\/index.php\/wp-json\/wp\/v2\/pages\/1588"}],"collection":[{"href":"https:\/\/staging.garciasanchez.mx\/index.php\/wp-json\/wp\/v2\/pages"}],"about":[{"href":"https:\/\/staging.garciasanchez.mx\/index.php\/wp-json\/wp\/v2\/types\/page"}],"author":[{"embeddable":true,"href":"https:\/\/staging.garciasanchez.mx\/index.php\/wp-json\/wp\/v2\/users\/2"}],"replies":[{"embeddable":true,"href":"https:\/\/staging.garciasanchez.mx\/index.php\/wp-json\/wp\/v2\/comments?post=1588"}],"version-history":[{"count":7,"href":"https:\/\/staging.garciasanchez.mx\/index.php\/wp-json\/wp\/v2\/pages\/1588\/revisions"}],"predecessor-version":[{"id":2201,"href":"https:\/\/staging.garciasanchez.mx\/index.php\/wp-json\/wp\/v2\/pages\/1588\/revisions\/2201"}],"wp:attachment":[{"href":"https:\/\/staging.garciasanchez.mx\/index.php\/wp-json\/wp\/v2\/media?parent=1588"}],"curies":[{"name":"wp","href":"https:\/\/api.w.org\/{rel}","templated":true}]}}