{"id":1700,"date":"2020-06-09T16:52:52","date_gmt":"2020-06-09T16:52:52","guid":{"rendered":"https:\/\/garciasanchez.mx\/?page_id=1700"},"modified":"2020-12-31T18:14:36","modified_gmt":"2020-12-31T18:14:36","slug":"oscar-conde-medina","status":"publish","type":"page","link":"https:\/\/staging.garciasanchez.mx\/index.php\/oscar-conde-medina\/","title":{"rendered":"Oscar Conde Medina"},"content":{"rendered":"<div class=\"fusion-fullwidth fullwidth-box fusion-builder-row-1 fusion-flex-container nonhundred-percent-fullwidth non-hundred-percent-height-scrolling\" style=\"--awb-background-position:left top;--awb-border-radius-top-left:0px;--awb-border-radius-top-right:0px;--awb-border-radius-bottom-right:0px;--awb-border-radius-bottom-left:0px;--awb-padding-bottom:60px;--awb-margin-top:3%;--awb-margin-bottom:4%;--awb-border-sizes-top:0px;--awb-border-sizes-bottom:0px;--awb-flex-wrap:wrap;\" ><div class=\"fusion-builder-row fusion-row fusion-flex-align-items-flex-start fusion-flex-content-wrap\" style=\"max-width:1216.8px;margin-left: calc(-4% \/ 2 );margin-right: calc(-4% \/ 2 );\"><div class=\"fusion-layout-column fusion_builder_column fusion-builder-column-0 fusion_builder_column_1_1 1_1 fusion-flex-column\" style=\"--awb-bg-size:cover;--awb-width-large:100%;--awb-margin-top-large:0px;--awb-spacing-right-large:1.92%;--awb-margin-bottom-large:20px;--awb-spacing-left-large:1.92%;--awb-width-medium:100%;--awb-spacing-right-medium:1.92%;--awb-spacing-left-medium:1.92%;--awb-width-small:100%;--awb-spacing-right-small:1.92%;--awb-spacing-left-small:1.92%;\"><div class=\"fusion-column-wrapper fusion-column-has-shadow fusion-flex-justify-content-flex-start fusion-content-layout-column\"><div class=\"fusion-separator fusion-full-width-sep\" style=\"align-self: center;margin-left: auto;margin-right: auto;margin-top:35px;margin-bottom:10px;width:100%;\"><div class=\"fusion-separator-border sep-double\" style=\"--awb-height:20px;--awb-amount:20px;--awb-sep-color:rgba(255,255,255,0);border-color:rgba(255,255,255,0);border-top-width:6px;border-bottom-width:6px;\"><\/div><\/div><\/div><\/div><div class=\"fusion-layout-column fusion_builder_column fusion-builder-column-1 fusion_builder_column_2_5 2_5 fusion-flex-column\" style=\"--awb-padding-right:20px;--awb-padding-bottom:20px;--awb-padding-left:20px;--awb-bg-size:cover;--awb-width-large:40%;--awb-margin-top-large:0px;--awb-spacing-right-large:3.84%;--awb-margin-bottom-large:40px;--awb-spacing-left-large:4.8%;--awb-width-medium:40%;--awb-spacing-right-medium:3.84%;--awb-spacing-left-medium:4.8%;--awb-width-small:100%;--awb-spacing-right-small:1.92%;--awb-spacing-left-small:1.92%;\"><div class=\"fusion-column-wrapper fusion-flex-justify-content-center fusion-content-layout-column\"><\/div><\/div><div class=\"fusion-layout-column fusion_builder_column fusion-builder-column-2 fusion_builder_column_3_5 3_5 fusion-flex-column\" style=\"--awb-padding-right:2%;--awb-padding-bottom:2%;--awb-padding-left:2%;--awb-bg-size:cover;--awb-width-large:60%;--awb-margin-top-large:0px;--awb-spacing-right-large:3.2%;--awb-margin-bottom-large:20px;--awb-spacing-left-large:3.84%;--awb-width-medium:60%;--awb-spacing-right-medium:3.2%;--awb-spacing-left-medium:3.84%;--awb-width-small:100%;--awb-spacing-right-small:1.92%;--awb-spacing-left-small:1.92%;\"><div class=\"fusion-column-wrapper fusion-flex-justify-content-center fusion-content-layout-column\"><div class=\"fusion-image-element \" style=\"--awb-caption-title-font-family:var(--h2_typography-font-family);--awb-caption-title-font-weight:var(--h2_typography-font-weight);--awb-caption-title-font-style:var(--h2_typography-font-style);--awb-caption-title-size:var(--h2_typography-font-size);--awb-caption-title-transform:var(--h2_typography-text-transform);--awb-caption-title-line-height:var(--h2_typography-line-height);--awb-caption-title-letter-spacing:var(--h2_typography-letter-spacing);\"><span class=\" fusion-imageframe imageframe-none imageframe-1 hover-type-none\"><img decoding=\"async\" width=\"70\" height=\"94\" title=\"cv-01\" src=\"https:\/\/staging.garciasanchez.mx\/wp-content\/uploads\/2020\/06\/cv-01-e1591110571110.png\" alt class=\"img-responsive wp-image-1180\"\/><\/span><\/div><div class=\"fusion-text fusion-text-1\"><p><span style=\"color: #ffffff;\">.<\/span><\/p>\n<h3>Oscar Conde Medina<\/h3>\n<\/div><div class=\"fusion-separator\" style=\"align-self: flex-start;margin-right:auto;margin-top:0px;margin-bottom:35px;width:100%;max-width:100px;\"><div class=\"fusion-separator-border sep-single sep-solid\" style=\"--awb-height:20px;--awb-amount:20px;--awb-sep-color:#000000;border-color:#000000;border-top-width:2px;\"><\/div><\/div><div class=\"fusion-text fusion-text-2\"><p>Naci\u00f3 en la Ciudad de M\u00e9xico en 1973 Es Licenciado en Derecho desde 1994. Es biling\u00fce (espa\u00f1ol e ingl\u00e9s). En el 2009 el Licenciado Conde particip\u00f3 en el programa especial (ACE) en la Universidad de Georgetown en la Washington, DC. Ha estado involucrado en atraer, consultar y ayudar a la inversi\u00f3n extranjera directa en M\u00e9xico con los m\u00e1s altos est\u00e1ndares \u00e9ticos, profesionales y comerciales.\u00a0 De 1998 a 2005 form\u00f3 parte de los expertos que apoyaron y participaron en las adquisiciones de instituciones financieras en M\u00e9xico, asimismo particip\u00f3 en las operaciones de restauraci\u00f3n de cr\u00e9dito m\u00e1s relevantes en el norte de M\u00e9xico, incluida en la fusi\u00f3n y venta p\u00fablica de acciones de la Empresa de Embotellamiento de Coca-Cola (Arca).<\/p>\n<p>Asimismo, desde 2005 hasta hoy en d\u00eda el Licenciado Conde ha estado implementando estrategias de expansi\u00f3n de negocios en M\u00e9xico,\u00a0 ayudando al crecimiento de los clientes brind\u00e1ndoles servicios legales oportunos\u00a0 orientados a proteger los intereses personales, econ\u00f3micos y comerciales de los clientes. Asiste a clientes de todo el mundo. En el 2019 el Licenciado Conde fue galardonado\u00a0 como el abogado de Inversi\u00f3n Extranjera directa del a\u00f1o\u00a0 en M\u00e9xico por la ACQ5 y recientemente ha sido galardonado como el experto en en Inversi\u00f3n Extranjera directa del a\u00f1o en M\u00e9xico (Premio Global 2020) por Leaders in Law.<\/p>\n<\/div><\/div><\/div><\/div><\/div>\n","protected":false},"excerpt":{"rendered":"","protected":false},"author":2,"featured_media":0,"parent":0,"menu_order":0,"comment_status":"closed","ping_status":"closed","template":"100-width.php","meta":{"footnotes":""},"_links":{"self":[{"href":"https:\/\/staging.garciasanchez.mx\/index.php\/wp-json\/wp\/v2\/pages\/1700"}],"collection":[{"href":"https:\/\/staging.garciasanchez.mx\/index.php\/wp-json\/wp\/v2\/pages"}],"about":[{"href":"https:\/\/staging.garciasanchez.mx\/index.php\/wp-json\/wp\/v2\/types\/page"}],"author":[{"embeddable":true,"href":"https:\/\/staging.garciasanchez.mx\/index.php\/wp-json\/wp\/v2\/users\/2"}],"replies":[{"embeddable":true,"href":"https:\/\/staging.garciasanchez.mx\/index.php\/wp-json\/wp\/v2\/comments?post=1700"}],"version-history":[{"count":4,"href":"https:\/\/staging.garciasanchez.mx\/index.php\/wp-json\/wp\/v2\/pages\/1700\/revisions"}],"predecessor-version":[{"id":1990,"href":"https:\/\/staging.garciasanchez.mx\/index.php\/wp-json\/wp\/v2\/pages\/1700\/revisions\/1990"}],"wp:attachment":[{"href":"https:\/\/staging.garciasanchez.mx\/index.php\/wp-json\/wp\/v2\/media?parent=1700"}],"curies":[{"name":"wp","href":"https:\/\/api.w.org\/{rel}","templated":true}]}}