{"id":2207,"date":"2022-10-27T15:23:38","date_gmt":"2022-10-27T15:23:38","guid":{"rendered":"https:\/\/garciasanchez.mx\/?page_id=2207"},"modified":"2022-10-27T15:44:47","modified_gmt":"2022-10-27T15:44:47","slug":"juan-jose-rico","status":"publish","type":"page","link":"https:\/\/staging.garciasanchez.mx\/index.php\/juan-jose-rico\/","title":{"rendered":"Juan Jos\u00e9 Rico"},"content":{"rendered":"<div class=\"fusion-fullwidth fullwidth-box fusion-builder-row-1 fusion-flex-container nonhundred-percent-fullwidth non-hundred-percent-height-scrolling\" style=\"--awb-background-position:left top;--awb-border-radius-top-left:0px;--awb-border-radius-top-right:0px;--awb-border-radius-bottom-right:0px;--awb-border-radius-bottom-left:0px;--awb-padding-bottom:60px;--awb-margin-top:3%;--awb-margin-bottom:4%;--awb-border-sizes-top:0px;--awb-border-sizes-bottom:0px;--awb-flex-wrap:wrap;\" ><div class=\"fusion-builder-row fusion-row fusion-flex-align-items-flex-start fusion-flex-content-wrap\" style=\"max-width:1216.8px;margin-left: calc(-4% \/ 2 );margin-right: calc(-4% \/ 2 );\"><div class=\"fusion-layout-column fusion_builder_column fusion-builder-column-0 fusion_builder_column_2_5 2_5 fusion-flex-column\" style=\"--awb-padding-right:20px;--awb-padding-bottom:20px;--awb-padding-left:20px;--awb-bg-size:cover;--awb-width-large:40%;--awb-margin-top-large:0px;--awb-spacing-right-large:3.84%;--awb-margin-bottom-large:40px;--awb-spacing-left-large:4.8%;--awb-width-medium:40%;--awb-spacing-right-medium:3.84%;--awb-spacing-left-medium:4.8%;--awb-width-small:100%;--awb-spacing-right-small:1.92%;--awb-spacing-left-small:1.92%;\"><div class=\"fusion-column-wrapper fusion-flex-justify-content-center fusion-content-layout-column\"><\/div><\/div><div class=\"fusion-layout-column fusion_builder_column fusion-builder-column-1 fusion_builder_column_3_5 3_5 fusion-flex-column\" style=\"--awb-padding-right:2%;--awb-padding-bottom:2%;--awb-padding-left:2%;--awb-bg-size:cover;--awb-width-large:60%;--awb-margin-top-large:0px;--awb-spacing-right-large:3.2%;--awb-margin-bottom-large:20px;--awb-spacing-left-large:3.84%;--awb-width-medium:60%;--awb-spacing-right-medium:3.2%;--awb-spacing-left-medium:3.84%;--awb-width-small:100%;--awb-spacing-right-small:1.92%;--awb-spacing-left-small:1.92%;\"><div class=\"fusion-column-wrapper fusion-flex-justify-content-center fusion-content-layout-column\"><div class=\"fusion-text fusion-text-1\"><p><span style=\"color: #ffffff;\">.<\/span><\/p>\n<h3>Juan Jos\u00e9 Rico<\/h3>\n<\/div><div class=\"fusion-separator\" style=\"align-self: flex-start;margin-right:auto;margin-top:0px;margin-bottom:35px;width:100%;max-width:100px;\"><div class=\"fusion-separator-border sep-single sep-solid\" style=\"--awb-height:20px;--awb-amount:20px;--awb-sep-color:#000000;border-color:#000000;border-top-width:2px;\"><\/div><\/div><div class=\"fusion-text fusion-text-2\"><p>Abogado por la Universidad Iberoamericana, Maestro en Administraci\u00f3n y Pol\u00edticas P\u00fablicas y Doctor en Pol\u00edticas P\u00fablicas por la Escuela de Gobierno del Tec de Monterrey.<\/p>\n<p>Cuenta con estudios de posgrado en Pol\u00edtica, Justicia Administrativa, Compliance y Propiedad Intelectual en universidades de M\u00e9xico, Estados Unidos, Canad\u00e1 y Europa.<\/p>\n<p>Autor y coautor de varios libros y art\u00edculos sobre sus \u00e1reas de conocimiento en M\u00e9xico y el extranjero, el Dr. Rico ha dictado m\u00e1s de 50 cursos a nivel licenciatura y posgrado e impartido m\u00e1s de 80 conferencias y talleres para universidades, profesionistas y empresas de todo el mundo.<\/p>\n<p>Su experiencia profesional comprende la academia, la administraci\u00f3n p\u00fablica, la consultor\u00eda pol\u00edtica, el sector financiero tanto p\u00fablico como privado, as\u00ed como los servicios de consultor\u00eda jur\u00eddica para gobiernos y empresas. Actualmente brinda consultor\u00eda en propiedad intelectual, regulaci\u00f3n interna de la empresa, datos personales y derecho de las nuevas tecnolog\u00edas.<\/p>\n<p>Juan Jos\u00e9 invierte su tiempo Pro-Bono en desarrollar programas de formaci\u00f3n en Liderazgo y brindar consultor\u00eda a organizaciones de la sociedad civil.<\/p>\n<\/div><div class=\"fusion-image-element \" style=\"--awb-caption-title-font-family:var(--h2_typography-font-family);--awb-caption-title-font-weight:var(--h2_typography-font-weight);--awb-caption-title-font-style:var(--h2_typography-font-style);--awb-caption-title-size:var(--h2_typography-font-size);--awb-caption-title-transform:var(--h2_typography-text-transform);--awb-caption-title-line-height:var(--h2_typography-line-height);--awb-caption-title-letter-spacing:var(--h2_typography-letter-spacing);\"><span class=\" fusion-imageframe imageframe-none imageframe-1 hover-type-none\"><img decoding=\"async\" width=\"70\" height=\"94\" title=\"cv-01\" src=\"https:\/\/staging.garciasanchez.mx\/wp-content\/uploads\/2020\/06\/cv-01-e1591110571110.png\" alt class=\"img-responsive wp-image-1180\"\/><\/span><\/div><\/div><\/div><\/div><\/div>\n","protected":false},"excerpt":{"rendered":"","protected":false},"author":2,"featured_media":0,"parent":0,"menu_order":0,"comment_status":"closed","ping_status":"closed","template":"100-width.php","meta":{"footnotes":""},"_links":{"self":[{"href":"https:\/\/staging.garciasanchez.mx\/index.php\/wp-json\/wp\/v2\/pages\/2207"}],"collection":[{"href":"https:\/\/staging.garciasanchez.mx\/index.php\/wp-json\/wp\/v2\/pages"}],"about":[{"href":"https:\/\/staging.garciasanchez.mx\/index.php\/wp-json\/wp\/v2\/types\/page"}],"author":[{"embeddable":true,"href":"https:\/\/staging.garciasanchez.mx\/index.php\/wp-json\/wp\/v2\/users\/2"}],"replies":[{"embeddable":true,"href":"https:\/\/staging.garciasanchez.mx\/index.php\/wp-json\/wp\/v2\/comments?post=2207"}],"version-history":[{"count":6,"href":"https:\/\/staging.garciasanchez.mx\/index.php\/wp-json\/wp\/v2\/pages\/2207\/revisions"}],"predecessor-version":[{"id":2232,"href":"https:\/\/staging.garciasanchez.mx\/index.php\/wp-json\/wp\/v2\/pages\/2207\/revisions\/2232"}],"wp:attachment":[{"href":"https:\/\/staging.garciasanchez.mx\/index.php\/wp-json\/wp\/v2\/media?parent=2207"}],"curies":[{"name":"wp","href":"https:\/\/api.w.org\/{rel}","templated":true}]}}